{"id":28136,"date":"2015-02-02T14:59:11","date_gmt":"2015-02-02T13:59:11","guid":{"rendered":"http:\/\/www.vibarchitecture.com\/?page_id=28136"},"modified":"2018-09-06T11:55:59","modified_gmt":"2018-09-06T09:55:59","slug":"jobs_architecte_exp_3ans","status":"publish","type":"page","link":"https:\/\/www.vibarchitecture.com\/fr\/jobs_architecte_exp_3ans\/","title":{"rendered":"Jobs | architecte | exp. 3ans"},"content":{"rendered":"<p>&nbsp;<\/p>\n<p style=\"padding-left: 30px;\">Septembre 2018<\/p>\n<h1 style=\"padding-left: 30px;\">Recherchons Architecte &#8211; 3 ans d\u2019exp. minimum.<\/h1>\n<div style=\"padding-left: 30px;\">\n<h2>Pour \u00e9tudes et concours, France et Allemagne.<\/h2>\n<p>Exp\u00e9rience sur \u00e9quipements publics de 5000m\u00b2,<br \/>\nBonne ma\u00eetrise des logiciels de DAO.<br \/>\nExp\u00e9rience 3D ou BIM souhait\u00e9.<br \/>\nLa ma\u00eetrise de l&rsquo;Allemand est un plus.<\/p>\n<p>Poste \u00e0 pourvoir imm\u00e9diatement \u00e0 Paris 09,<br \/>\nCDD reconductible,<\/p>\n<p>R\u00e9mun\u00e9ration selon profil et exp\u00e9rience.<\/p>\n<p>Envoyez-nous votre CV et le book de vos travaux personnels et professionnels (pdf, 5Mo max) \u00e0 <a href=\"mailto:cv@vibarchitecture.com\">cv@vibarchitecture.com<\/a> en pr\u00e9cisant dans l&rsquo;objet \u00ab\u00a0Architecte confirm\u00e9\u00a0\u00bb<\/p>\n<p>#architecte #bim #allemand #concours #etudes<\/p>\n<\/div>\n<div>______________________<\/div>\n<h3 style=\"padding-left: 30px;\"><strong>Envoyez-nous votre CV !<\/strong><\/h3>\n<p style=\"padding-left: 30px;\">Nous cherchons r\u00e9guli\u00e8rement des architectes sur Paris avec des r\u00e9f\u00e9rences solides, plus de 3 ans d\u2019exp\u00e9rience dans la gestion de projet, leur mise au point technique, les concours\u2026 sur des b\u00e2timents d\u2019envergure (&gt; 20 M\u20ac).<\/p>\n<p style=\"padding-left: 30px;\">Vous souhaitez nous faire parvenir une candidature spontan\u00e9e ? Vous pouvez nous envoyer votre CV et le book de vos travaux personnels et professionnels (pdf 5Mo max) \u00e0\u00a0<a id=\"\" class=\"\" href=\"mailto:cv@vibarchitecture.com?subject=[\/fusion_builder_column][fusion_builder_column type=\" target=\"_blank\" rel=\"noopener noreferrer\"><strong>cv@vibarchitecture.com<\/strong><\/a>\u00a0en pr\u00e9cisant dans le titre le poste pour lequel vous postulez (stage, architecte, etc&#8230;).<\/p>\n<p style=\"padding-left: 30px;\">Si votre profil nous int\u00e9resse, nous ne manquerons pas de vous recontacter.<\/p>\n<h3 style=\"padding-left: 30px;\"><strong>Send us your CV !<\/strong><\/h3>\n<p style=\"padding-left: 30px;\">We regularly hire architects for our Paris office, with strong references, more than 3 years experience in project management, technical definition, design competitions&#8230;.on large buildings (&gt; 20 M\u20ac).<\/p>\n<p style=\"padding-left: 30px;\">You wish to apply spontaneously for a position ? You can send us your CV and portfolio with both personnal and professional work (pdf 5Mo max) to\u00a0<a href=\"mailto:cv@vibarchitecture.com?subject=[contact web vib architecture]\" target=\"_blank\" rel=\"noopener noreferrer\"><strong>cv@vibarchitecture.com<\/strong><\/a>, mentionning in the title the type of job your applying for (internship, architect, etc&#8230;.).<\/p>\n<p style=\"padding-left: 30px;\">If your profile meets our needs, we&rsquo;ll quickly get back to you.<\/p>\n","protected":false},"excerpt":{"rendered":"<p>&nbsp; Septembre 2018 Recherchons Architecte &#8211; 3 ans d\u2019exp. minimum. Pour \u00e9tudes et concours, France <a href=\"https:\/\/www.vibarchitecture.com\/fr\/jobs_architecte_exp_3ans\/\"> [&#8230;]<\/a><\/p>\n","protected":false},"author":3,"featured_media":0,"parent":0,"menu_order":0,"comment_status":"open","ping_status":"closed","template":"100-width.php","meta":{"footnotes":""},"class_list":["post-28136","page","type-page","status-publish","hentry"],"acf":[],"yoast_head":"<!-- This site is optimized with the Yoast SEO plugin v27.5 - https:\/\/yoast.com\/product\/yoast-seo-wordpress\/ -->\n<title>Jobs | architecte | exp. 3ans - VIB architecture<\/title>\n<meta name=\"robots\" content=\"index, follow, max-snippet:-1, max-image-preview:large, max-video-preview:-1\" \/>\n<link rel=\"canonical\" href=\"https:\/\/www.vibarchitecture.com\/fr\/jobs_architecte_exp_3ans\/\" \/>\n<meta property=\"og:locale\" content=\"fr_FR\" \/>\n<meta property=\"og:type\" content=\"article\" \/>\n<meta property=\"og:title\" content=\"Jobs | architecte | exp. 3ans - VIB architecture\" \/>\n<meta property=\"og:description\" content=\"&nbsp; Septembre 2018 Recherchons Architecte &#8211; 3 ans d\u2019exp. minimum. Pour \u00e9tudes et concours, France [...]\" \/>\n<meta property=\"og:url\" content=\"https:\/\/www.vibarchitecture.com\/fr\/jobs_architecte_exp_3ans\/\" \/>\n<meta property=\"og:site_name\" content=\"VIB architecture\" \/>\n<meta property=\"article:publisher\" content=\"https:\/\/www.facebook.com\/vibarchitecture\" \/>\n<meta property=\"article:modified_time\" content=\"2018-09-06T09:55:59+00:00\" \/>\n<meta property=\"og:image\" content=\"https:\/\/i0.wp.com\/www.vibarchitecture.com\/wp-content\/uploads\/2014\/06\/vib_silos13_%C2%A9s_chalmeau_CF053792.1000-e1405082211155.jpg?fit=999%2C631&ssl=1\" \/>\n\t<meta property=\"og:image:width\" content=\"999\" \/>\n\t<meta property=\"og:image:height\" content=\"631\" \/>\n\t<meta property=\"og:image:type\" content=\"image\/jpeg\" \/>\n<meta name=\"twitter:card\" content=\"summary_large_image\" \/>\n<meta name=\"twitter:site\" content=\"@vibarchitecture\" \/>\n<meta name=\"twitter:label1\" content=\"Dur\u00e9e de lecture estim\u00e9e\" \/>\n\t<meta name=\"twitter:data1\" content=\"1 minute\" \/>\n<script type=\"application\/ld+json\" class=\"yoast-schema-graph\">{\"@context\":\"https:\\\/\\\/schema.org\",\"@graph\":[{\"@type\":\"WebPage\",\"@id\":\"https:\\\/\\\/www.vibarchitecture.com\\\/fr\\\/jobs_architecte_exp_3ans\\\/\",\"url\":\"https:\\\/\\\/www.vibarchitecture.com\\\/fr\\\/jobs_architecte_exp_3ans\\\/\",\"name\":\"Jobs | architecte | exp. 3ans - VIB architecture\",\"isPartOf\":{\"@id\":\"https:\\\/\\\/www.vibarchitecture.com\\\/fr\\\/#website\"},\"datePublished\":\"2015-02-02T13:59:11+00:00\",\"dateModified\":\"2018-09-06T09:55:59+00:00\",\"breadcrumb\":{\"@id\":\"https:\\\/\\\/www.vibarchitecture.com\\\/fr\\\/jobs_architecte_exp_3ans\\\/#breadcrumb\"},\"inLanguage\":\"fr-FR\",\"potentialAction\":[{\"@type\":\"ReadAction\",\"target\":[\"https:\\\/\\\/www.vibarchitecture.com\\\/fr\\\/jobs_architecte_exp_3ans\\\/\"]}]},{\"@type\":\"BreadcrumbList\",\"@id\":\"https:\\\/\\\/www.vibarchitecture.com\\\/fr\\\/jobs_architecte_exp_3ans\\\/#breadcrumb\",\"itemListElement\":[{\"@type\":\"ListItem\",\"position\":1,\"name\":\"Accueil\",\"item\":\"https:\\\/\\\/www.vibarchitecture.com\\\/fr\\\/\"},{\"@type\":\"ListItem\",\"position\":2,\"name\":\"Jobs | architecte | exp. 3ans\"}]},{\"@type\":\"WebSite\",\"@id\":\"https:\\\/\\\/www.vibarchitecture.com\\\/fr\\\/#website\",\"url\":\"https:\\\/\\\/www.vibarchitecture.com\\\/fr\\\/\",\"name\":\"VIB architecture\",\"description\":\"Agence d&#039;architecture contemporaine, cr\u00e9\u00e9e par Bettina Ballus et Franck Vialet bas\u00e9e \u00e0 Paris et Bordeaux. Nous imaginons et construisons des laboratoires, logements, bureaux et projets culturels dans toute la France dans une d\u00e9marche cr\u00e9ative et responsable.\",\"potentialAction\":[{\"@type\":\"SearchAction\",\"target\":{\"@type\":\"EntryPoint\",\"urlTemplate\":\"https:\\\/\\\/www.vibarchitecture.com\\\/fr\\\/?s={search_term_string}\"},\"query-input\":{\"@type\":\"PropertyValueSpecification\",\"valueRequired\":true,\"valueName\":\"search_term_string\"}}],\"inLanguage\":\"fr-FR\"}]}<\/script>\n<!-- \/ Yoast SEO plugin. -->","yoast_head_json":{"title":"Jobs | architecte | exp. 3ans - VIB architecture","robots":{"index":"index","follow":"follow","max-snippet":"max-snippet:-1","max-image-preview":"max-image-preview:large","max-video-preview":"max-video-preview:-1"},"canonical":"https:\/\/www.vibarchitecture.com\/fr\/jobs_architecte_exp_3ans\/","og_locale":"fr_FR","og_type":"article","og_title":"Jobs | architecte | exp. 3ans - VIB architecture","og_description":"&nbsp; Septembre 2018 Recherchons Architecte &#8211; 3 ans d\u2019exp. minimum. Pour \u00e9tudes et concours, France [...]","og_url":"https:\/\/www.vibarchitecture.com\/fr\/jobs_architecte_exp_3ans\/","og_site_name":"VIB architecture","article_publisher":"https:\/\/www.facebook.com\/vibarchitecture","article_modified_time":"2018-09-06T09:55:59+00:00","og_image":[{"width":999,"height":631,"url":"https:\/\/i0.wp.com\/www.vibarchitecture.com\/wp-content\/uploads\/2014\/06\/vib_silos13_%C2%A9s_chalmeau_CF053792.1000-e1405082211155.jpg?fit=999%2C631&ssl=1","type":"image\/jpeg"}],"twitter_card":"summary_large_image","twitter_site":"@vibarchitecture","twitter_misc":{"Dur\u00e9e de lecture estim\u00e9e":"1 minute"},"schema":{"@context":"https:\/\/schema.org","@graph":[{"@type":"WebPage","@id":"https:\/\/www.vibarchitecture.com\/fr\/jobs_architecte_exp_3ans\/","url":"https:\/\/www.vibarchitecture.com\/fr\/jobs_architecte_exp_3ans\/","name":"Jobs | architecte | exp. 3ans - VIB architecture","isPartOf":{"@id":"https:\/\/www.vibarchitecture.com\/fr\/#website"},"datePublished":"2015-02-02T13:59:11+00:00","dateModified":"2018-09-06T09:55:59+00:00","breadcrumb":{"@id":"https:\/\/www.vibarchitecture.com\/fr\/jobs_architecte_exp_3ans\/#breadcrumb"},"inLanguage":"fr-FR","potentialAction":[{"@type":"ReadAction","target":["https:\/\/www.vibarchitecture.com\/fr\/jobs_architecte_exp_3ans\/"]}]},{"@type":"BreadcrumbList","@id":"https:\/\/www.vibarchitecture.com\/fr\/jobs_architecte_exp_3ans\/#breadcrumb","itemListElement":[{"@type":"ListItem","position":1,"name":"Accueil","item":"https:\/\/www.vibarchitecture.com\/fr\/"},{"@type":"ListItem","position":2,"name":"Jobs | architecte | exp. 3ans"}]},{"@type":"WebSite","@id":"https:\/\/www.vibarchitecture.com\/fr\/#website","url":"https:\/\/www.vibarchitecture.com\/fr\/","name":"VIB architecture","description":"Agence d&#039;architecture contemporaine, cr\u00e9\u00e9e par Bettina Ballus et Franck Vialet bas\u00e9e \u00e0 Paris et Bordeaux. Nous imaginons et construisons des laboratoires, logements, bureaux et projets culturels dans toute la France dans une d\u00e9marche cr\u00e9ative et responsable.","potentialAction":[{"@type":"SearchAction","target":{"@type":"EntryPoint","urlTemplate":"https:\/\/www.vibarchitecture.com\/fr\/?s={search_term_string}"},"query-input":{"@type":"PropertyValueSpecification","valueRequired":true,"valueName":"search_term_string"}}],"inLanguage":"fr-FR"}]}},"jetpack_shortlink":"https:\/\/wp.me\/PcD29w-7jO","jetpack_sharing_enabled":true,"_links":{"self":[{"href":"https:\/\/www.vibarchitecture.com\/fr\/wp-json\/wp\/v2\/pages\/28136","targetHints":{"allow":["GET"]}}],"collection":[{"href":"https:\/\/www.vibarchitecture.com\/fr\/wp-json\/wp\/v2\/pages"}],"about":[{"href":"https:\/\/www.vibarchitecture.com\/fr\/wp-json\/wp\/v2\/types\/page"}],"author":[{"embeddable":true,"href":"https:\/\/www.vibarchitecture.com\/fr\/wp-json\/wp\/v2\/users\/3"}],"replies":[{"embeddable":true,"href":"https:\/\/www.vibarchitecture.com\/fr\/wp-json\/wp\/v2\/comments?post=28136"}],"version-history":[{"count":11,"href":"https:\/\/www.vibarchitecture.com\/fr\/wp-json\/wp\/v2\/pages\/28136\/revisions"}],"predecessor-version":[{"id":31202,"href":"https:\/\/www.vibarchitecture.com\/fr\/wp-json\/wp\/v2\/pages\/28136\/revisions\/31202"}],"wp:attachment":[{"href":"https:\/\/www.vibarchitecture.com\/fr\/wp-json\/wp\/v2\/media?parent=28136"}],"curies":[{"name":"wp","href":"https:\/\/api.w.org\/{rel}","templated":true}]}}