{"id":5975,"date":"2013-12-20T20:55:03","date_gmt":"2013-12-20T19:55:03","guid":{"rendered":"http:\/\/192.168.0.153\/wwwvibdev\/?page_id=5975"},"modified":"2016-10-31T16:55:55","modified_gmt":"2016-10-31T15:55:55","slug":"droits-reserves","status":"publish","type":"page","link":"https:\/\/www.vibarchitecture.com\/fr\/droits-reserves\/","title":{"rendered":"Droits r\u00e9serv\u00e9s"},"content":{"rendered":"<div class=\"fusion-fullwidth fullwidth-box fusion-builder-row-1 hundred-percent-fullwidth non-hundred-percent-height-scrolling\" style=\"--awb-border-radius-top-left:0px;--awb-border-radius-top-right:0px;--awb-border-radius-bottom-right:0px;--awb-border-radius-bottom-left:0px;--awb-overflow:visible;--awb-flex-wrap:wrap;\" ><div class=\"fusion-builder-row fusion-row\"><div class=\"fusion-layout-column fusion_builder_column fusion-builder-column-0 fusion_builder_column_1_1 1_1 fusion-one-full fusion-column-first fusion-column-last fusion-column-no-min-height\" style=\"--awb-bg-size:cover;--awb-margin-bottom:0px;\"><div class=\"fusion-column-wrapper fusion-flex-column-wrapper-legacy\"><div class=\"fusion-tabs fusion-tabs-1 classic nav-is-justified horizontal-tabs icon-position-left mobile-mode-accordion\" style=\"--awb-title-border-radius-top-left:0px;--awb-title-border-radius-top-right:0px;--awb-title-border-radius-bottom-right:0px;--awb-title-border-radius-bottom-left:0px;--awb-inactive-color:#ebeaea;--awb-background-color:#ffffff;--awb-border-color:#ebeaea;--awb-active-border-color:#9e9e9e;\"><div class=\"nav\"><ul class=\"nav-tabs nav-justified\" role=\"tablist\"><li class=\"active\" role=\"presentation\"><a class=\"tab-link\" data-toggle=\"tab\" role=\"tab\" aria-controls=\"tab-72af02868d03fddc1e7\" aria-selected=\"true\" id=\"fusion-tab-&lt;strong&gt;droitsr\u00e9serv\u00e9s&lt;\/strong&gt;\" href=\"#tab-72af02868d03fddc1e7\"><h4 class=\"fusion-tab-heading\"><strong>Droits R\u00e9serv\u00e9s<\/strong><\/h4><\/a><\/li><li role=\"presentation\"><a class=\"tab-link\" data-toggle=\"tab\" role=\"tab\" aria-controls=\"tab-2df1468c0e32c026926\" aria-selected=\"false\" tabindex=\"-1\" id=\"fusion-tab-&lt;strong&gt;copyrightpolicy&lt;\/strong&gt;\" href=\"#tab-2df1468c0e32c026926\"><h4 class=\"fusion-tab-heading\"><strong>Copyright policy<\/strong><\/h4><\/a><\/li><\/ul><\/div><div class=\"tab-content\"><div class=\"nav fusion-mobile-tab-nav\"><ul class=\"nav-tabs nav-justified\" role=\"tablist\"><li class=\"active\" role=\"presentation\"><a class=\"tab-link\" data-toggle=\"tab\" role=\"tab\" aria-controls=\"tab-72af02868d03fddc1e7\" aria-selected=\"true\" id=\"mobile-fusion-tab-&lt;strong&gt;droitsr\u00e9serv\u00e9s&lt;\/strong&gt;\" href=\"#tab-72af02868d03fddc1e7\"><h4 class=\"fusion-tab-heading\"><strong>Droits R\u00e9serv\u00e9s<\/strong><\/h4><\/a><\/li><\/ul><\/div><div class=\"tab-pane fade fusion-clearfix in active\" role=\"tabpanel\" tabindex=\"0\" aria-labelledby=\"fusion-tab-&lt;strong&gt;droitsr\u00e9serv\u00e9s&lt;\/strong&gt;\" id=\"tab-72af02868d03fddc1e7\">\n<p style=\"text-align: justify;\"><span style=\"line-height: 1.5em;\">L\u2019agence <strong>vib<\/strong> architecture met \u00e0 disposition ses contenus de mani\u00e8re libre, mais souhaite que les sources soient cr\u00e9dit\u00e9es et que les droits de propri\u00e9t\u00e9 intellectuelle soient respect\u00e9s. Les contenus du site vibarchitecture sont prot\u00e9g\u00e9s par les lois de conventions internationales sur le droit d\u2019auteur.<\/span><\/p>\n<p style=\"text-align: justify;\">Nous vous encourageons \u00e0 diffuser les images et informations de www.vibarchitecture.com sur vos propres sites ou sur d\u2019autres supports, en respectant les conditions suivantes :<\/p>\n<ul style=\"text-align: justify;\">\n<li>vib architecture est cit\u00e9 en tant que source, avec une ligne de cr\u00e9dit et un lien vers la page correspondante aux textes et\/ou images utilis\u00e9(e)s.<\/li>\n<li>Toutes les notices de copyright, incluant les liens vers les auteurs et photographes, sont respect\u00e9es et situ\u00e9es pr\u00e8s du texte ou de l\u2019image, et l\u2019autorisation du d\u00e9tenteur du copyright est demand\u00e9e au pr\u00e9alable.<\/li>\n<li>La citation doit \u00eatre faite avec parcimonie \u2013 merci de ne pas reposter les articles dans leur int\u00e9gralit\u00e9 et de ne pas en faire une habitude !<\/li>\n<li>Notre contenu doit \u00eatre accessible gratuitement, sans inscription ou demande de paiement.<\/li>\n<li>Vous devez vous-m\u00eame afficher clairement votre politique de droit d\u2019auteur, et vous assurez qu\u2019une tierce personne ne reposte pas notre contenu \u00e0 partir de votre site.<\/li>\n<\/ul>\n<p style=\"text-align: justify;\">En cas de doute, merci de bien vouloir nous contacter.<\/p>\n<p style=\"text-align: justify;\">Si les conditions pr\u00e9alablement cit\u00e9es ne sont pas respect\u00e9es nous nous r\u00e9servons le droit d\u2019agir afin de faire respecter nos droits selon les principes suivants :<\/p>\n<p style=\"text-align: justify;\"><strong>Copyright \u00a9 vib architecture 1999-2015<\/strong><\/p>\n<p style=\"text-align: justify;\">Tous les droits de propri\u00e9t\u00e9 intellectuelle, dans tous les aspects de ce site &#8211; y compris et sans limitation, les designs, logos, textes, graphiques, applications, logiciels, codes source de base ou tout autre contenu-, appartiennent \u00e0 vib architecture et \/ ou les fournisseurs et auteurs de contenu (y compris mais non limit\u00e9s aux architectes, designers, photographes, perspectivistes et maquettistes).<\/p>\n<p style=\"text-align: justify;\">En acc\u00e9dant et en utilisant www.vibarchitecture.com et les sites qui y sont affili\u00e9s, vous comprenez que vous ne devez pas utiliser les contenus qui s\u2019y trouvent, sauf pour une utilisation personnelle et non commerciale. Aucun contenu de ce site internet ne peut \u00eatre reproduit sous aucune forme ou moyen &#8211; \u00e9lectronique, m\u00e9canique, photocopie, enregistrement ou autre \u2013 sans l\u2019autorisation expresse et pr\u00e9alable de vib architecture, en tant que, ou au nom du d\u00e9tenteur des droits d\u2019auteur.<\/p>\n<p style=\"text-align: justify;\">Pour obtenir les droits de reproduction,\u00a0<strong><a title=\"contact &amp; recrutement\" href=\"\/?page_id=2461\">merci de nous contacter<\/a><\/strong>.<\/p>\n<p>vib architecture est une SARL au capital de 12 000 euros. Si\u00e8ge social : 28 boulevard poissonni\u00e8re, 75009 Paris.<br \/>\nSIRET : 444 496 640 00012 &#8211; n\u00b0ordre : S05463<\/p>\n<\/div><div class=\"nav fusion-mobile-tab-nav\"><ul class=\"nav-tabs nav-justified\" role=\"tablist\"><li role=\"presentation\"><a class=\"tab-link\" data-toggle=\"tab\" role=\"tab\" aria-controls=\"tab-2df1468c0e32c026926\" aria-selected=\"false\" tabindex=\"-1\" id=\"mobile-fusion-tab-&lt;strong&gt;copyrightpolicy&lt;\/strong&gt;\" href=\"#tab-2df1468c0e32c026926\"><h4 class=\"fusion-tab-heading\"><strong>Copyright policy<\/strong><\/h4><\/a><\/li><\/ul><\/div><div class=\"tab-pane fade fusion-clearfix\" role=\"tabpanel\" tabindex=\"0\" aria-labelledby=\"fusion-tab-&lt;strong&gt;copyrightpolicy&lt;\/strong&gt;\" id=\"tab-2df1468c0e32c026926\">\n<p style=\"text-align: justify;\"><strong>vib<\/strong> believes that information should be freely available to all, but we also believe that sources should be properly credited and that intellectual property rights should be respected. Our content is protected by international copyright law.<\/p>\n<p style=\"text-align: justify;\">Nevertheless, we are generally happy for individuals and websites to repost elements of the information and images on www.vibarchitecture.com, as long as:<\/p>\n<ul style=\"text-align: justify;\">\n<li>vib architecture\u00a0 is cited as the source with an obvious\u00a0 credit and link to the relevant page on our site;<\/li>\n<li>All copyright notices are respected, with credits and links to authors and photographers included next to the related text, images etc, and the permission of the copyright holder is asked in advance;<\/li>\n<li>You can repost, but please don&rsquo;t repost stories in their entirety and don&rsquo;t repost everything we put on line!<\/li>\n<li>Our content must be freely accessible to all internet visitors, without pay or registration barriers.<\/li>\n<li>You make sure that third-party sites do not repost our content from your site, and you clearly state your your own copyright notice.<\/li>\n<\/ul>\n<p style=\"text-align: justify;\">When in doubt, please contact us.<\/p>\n<p style=\"text-align: justify;\">If the above requests are not observed we reserve the right to act in accordance with our rights as set out in our copyright notice as follows:<\/p>\n<p style=\"text-align: justify;\"><strong>Copyright \u00a9 vib architecture 1999-2015<\/strong><\/p>\n<p style=\"text-align: justify;\">All intellectual property rights in all aspects of this website, including (without limitation) design, logos, text, graphics, applications, software, underlying source code and all other aspects, belong to vib architecture and\/or vib architecture&rsquo;s content providers and\/or authors (including but not restricted to architects, designers, photographers, visualisers and model-makers).<\/p>\n<p style=\"text-align: justify;\">In accessing and using www.vibarchitecture.com, you agree that you may not download content except for personal, non-commercial reference. No part of this web site may be reproduced or transmitted in any form or by any means, electronic, mechanical, photocopying, recording or otherwise, without prior permission of vib architecture as, or on behalf of, the copyright owner.<\/p>\n<p style=\"text-align: justify;\">For rights clearance\u00a0<strong><a title=\"contact &amp; recrutement\" href=\"\/?page_id=2461\">please contact us<\/a><\/strong>.<\/p>\n<\/div><\/div><\/div><div class=\"fusion-clearfix\"><\/div><\/div><\/div><\/div><\/div>\n","protected":false},"excerpt":{"rendered":"","protected":false},"author":3,"featured_media":0,"parent":0,"menu_order":11,"comment_status":"open","ping_status":"open","template":"","meta":{"footnotes":""},"class_list":["post-5975","page","type-page","status-publish","hentry"],"acf":[],"yoast_head":"<!-- This site is optimized with the Yoast SEO plugin v27.4 - https:\/\/yoast.com\/product\/yoast-seo-wordpress\/ -->\n<title>Droits r\u00e9serv\u00e9s - VIB architecture<\/title>\n<meta name=\"robots\" content=\"index, follow, max-snippet:-1, max-image-preview:large, max-video-preview:-1\" \/>\n<link rel=\"canonical\" href=\"https:\/\/www.vibarchitecture.com\/fr\/droits-reserves\/\" \/>\n<meta property=\"og:locale\" content=\"fr_FR\" \/>\n<meta property=\"og:type\" content=\"article\" \/>\n<meta property=\"og:title\" content=\"Droits r\u00e9serv\u00e9s - VIB architecture\" \/>\n<meta property=\"og:url\" content=\"https:\/\/www.vibarchitecture.com\/fr\/droits-reserves\/\" \/>\n<meta property=\"og:site_name\" content=\"VIB architecture\" \/>\n<meta property=\"article:publisher\" content=\"https:\/\/www.facebook.com\/vibarchitecture\" \/>\n<meta property=\"article:modified_time\" content=\"2016-10-31T15:55:55+00:00\" \/>\n<meta property=\"og:image\" content=\"https:\/\/i0.wp.com\/www.vibarchitecture.com\/wp-content\/uploads\/2014\/06\/vib_silos13_%C2%A9s_chalmeau_CF053792.1000-e1405082211155.jpg?fit=999%2C631&ssl=1\" \/>\n\t<meta property=\"og:image:width\" content=\"999\" \/>\n\t<meta property=\"og:image:height\" content=\"631\" \/>\n\t<meta property=\"og:image:type\" content=\"image\/jpeg\" \/>\n<meta name=\"twitter:card\" content=\"summary_large_image\" \/>\n<meta name=\"twitter:site\" content=\"@vibarchitecture\" \/>\n<meta name=\"twitter:label1\" content=\"Dur\u00e9e de lecture estim\u00e9e\" \/>\n\t<meta name=\"twitter:data1\" content=\"4 minutes\" \/>\n<script type=\"application\/ld+json\" class=\"yoast-schema-graph\">{\"@context\":\"https:\\\/\\\/schema.org\",\"@graph\":[{\"@type\":\"WebPage\",\"@id\":\"https:\\\/\\\/www.vibarchitecture.com\\\/fr\\\/droits-reserves\\\/\",\"url\":\"https:\\\/\\\/www.vibarchitecture.com\\\/fr\\\/droits-reserves\\\/\",\"name\":\"Droits r\u00e9serv\u00e9s - VIB architecture\",\"isPartOf\":{\"@id\":\"https:\\\/\\\/www.vibarchitecture.com\\\/fr\\\/#website\"},\"datePublished\":\"2013-12-20T19:55:03+00:00\",\"dateModified\":\"2016-10-31T15:55:55+00:00\",\"breadcrumb\":{\"@id\":\"https:\\\/\\\/www.vibarchitecture.com\\\/fr\\\/droits-reserves\\\/#breadcrumb\"},\"inLanguage\":\"fr-FR\",\"potentialAction\":[{\"@type\":\"ReadAction\",\"target\":[\"https:\\\/\\\/www.vibarchitecture.com\\\/fr\\\/droits-reserves\\\/\"]}]},{\"@type\":\"BreadcrumbList\",\"@id\":\"https:\\\/\\\/www.vibarchitecture.com\\\/fr\\\/droits-reserves\\\/#breadcrumb\",\"itemListElement\":[{\"@type\":\"ListItem\",\"position\":1,\"name\":\"Accueil\",\"item\":\"https:\\\/\\\/www.vibarchitecture.com\\\/fr\\\/\"},{\"@type\":\"ListItem\",\"position\":2,\"name\":\"Droits r\u00e9serv\u00e9s\"}]},{\"@type\":\"WebSite\",\"@id\":\"https:\\\/\\\/www.vibarchitecture.com\\\/fr\\\/#website\",\"url\":\"https:\\\/\\\/www.vibarchitecture.com\\\/fr\\\/\",\"name\":\"VIB architecture\",\"description\":\"Agence d&#039;architecture contemporaine, cr\u00e9\u00e9e par Bettina Ballus et Franck Vialet bas\u00e9e \u00e0 Paris et Bordeaux. Nous imaginons et construisons des laboratoires, logements, bureaux et projets culturels dans toute la France dans une d\u00e9marche cr\u00e9ative et responsable.\",\"potentialAction\":[{\"@type\":\"SearchAction\",\"target\":{\"@type\":\"EntryPoint\",\"urlTemplate\":\"https:\\\/\\\/www.vibarchitecture.com\\\/fr\\\/?s={search_term_string}\"},\"query-input\":{\"@type\":\"PropertyValueSpecification\",\"valueRequired\":true,\"valueName\":\"search_term_string\"}}],\"inLanguage\":\"fr-FR\"}]}<\/script>\n<!-- \/ Yoast SEO plugin. -->","yoast_head_json":{"title":"Droits r\u00e9serv\u00e9s - VIB architecture","robots":{"index":"index","follow":"follow","max-snippet":"max-snippet:-1","max-image-preview":"max-image-preview:large","max-video-preview":"max-video-preview:-1"},"canonical":"https:\/\/www.vibarchitecture.com\/fr\/droits-reserves\/","og_locale":"fr_FR","og_type":"article","og_title":"Droits r\u00e9serv\u00e9s - VIB architecture","og_url":"https:\/\/www.vibarchitecture.com\/fr\/droits-reserves\/","og_site_name":"VIB architecture","article_publisher":"https:\/\/www.facebook.com\/vibarchitecture","article_modified_time":"2016-10-31T15:55:55+00:00","og_image":[{"width":999,"height":631,"url":"https:\/\/i0.wp.com\/www.vibarchitecture.com\/wp-content\/uploads\/2014\/06\/vib_silos13_%C2%A9s_chalmeau_CF053792.1000-e1405082211155.jpg?fit=999%2C631&ssl=1","type":"image\/jpeg"}],"twitter_card":"summary_large_image","twitter_site":"@vibarchitecture","twitter_misc":{"Dur\u00e9e de lecture estim\u00e9e":"4 minutes"},"schema":{"@context":"https:\/\/schema.org","@graph":[{"@type":"WebPage","@id":"https:\/\/www.vibarchitecture.com\/fr\/droits-reserves\/","url":"https:\/\/www.vibarchitecture.com\/fr\/droits-reserves\/","name":"Droits r\u00e9serv\u00e9s - VIB architecture","isPartOf":{"@id":"https:\/\/www.vibarchitecture.com\/fr\/#website"},"datePublished":"2013-12-20T19:55:03+00:00","dateModified":"2016-10-31T15:55:55+00:00","breadcrumb":{"@id":"https:\/\/www.vibarchitecture.com\/fr\/droits-reserves\/#breadcrumb"},"inLanguage":"fr-FR","potentialAction":[{"@type":"ReadAction","target":["https:\/\/www.vibarchitecture.com\/fr\/droits-reserves\/"]}]},{"@type":"BreadcrumbList","@id":"https:\/\/www.vibarchitecture.com\/fr\/droits-reserves\/#breadcrumb","itemListElement":[{"@type":"ListItem","position":1,"name":"Accueil","item":"https:\/\/www.vibarchitecture.com\/fr\/"},{"@type":"ListItem","position":2,"name":"Droits r\u00e9serv\u00e9s"}]},{"@type":"WebSite","@id":"https:\/\/www.vibarchitecture.com\/fr\/#website","url":"https:\/\/www.vibarchitecture.com\/fr\/","name":"VIB architecture","description":"Agence d&#039;architecture contemporaine, cr\u00e9\u00e9e par Bettina Ballus et Franck Vialet bas\u00e9e \u00e0 Paris et Bordeaux. Nous imaginons et construisons des laboratoires, logements, bureaux et projets culturels dans toute la France dans une d\u00e9marche cr\u00e9ative et responsable.","potentialAction":[{"@type":"SearchAction","target":{"@type":"EntryPoint","urlTemplate":"https:\/\/www.vibarchitecture.com\/fr\/?s={search_term_string}"},"query-input":{"@type":"PropertyValueSpecification","valueRequired":true,"valueName":"search_term_string"}}],"inLanguage":"fr-FR"}]}},"jetpack_shortlink":"https:\/\/wp.me\/PcD29w-1yn","jetpack_sharing_enabled":true,"_links":{"self":[{"href":"https:\/\/www.vibarchitecture.com\/fr\/wp-json\/wp\/v2\/pages\/5975","targetHints":{"allow":["GET"]}}],"collection":[{"href":"https:\/\/www.vibarchitecture.com\/fr\/wp-json\/wp\/v2\/pages"}],"about":[{"href":"https:\/\/www.vibarchitecture.com\/fr\/wp-json\/wp\/v2\/types\/page"}],"author":[{"embeddable":true,"href":"https:\/\/www.vibarchitecture.com\/fr\/wp-json\/wp\/v2\/users\/3"}],"replies":[{"embeddable":true,"href":"https:\/\/www.vibarchitecture.com\/fr\/wp-json\/wp\/v2\/comments?post=5975"}],"version-history":[{"count":0,"href":"https:\/\/www.vibarchitecture.com\/fr\/wp-json\/wp\/v2\/pages\/5975\/revisions"}],"wp:attachment":[{"href":"https:\/\/www.vibarchitecture.com\/fr\/wp-json\/wp\/v2\/media?parent=5975"}],"curies":[{"name":"wp","href":"https:\/\/api.w.org\/{rel}","templated":true}]}}