{"id":7305,"date":"2014-01-24T21:41:05","date_gmt":"2014-01-24T20:41:05","guid":{"rendered":"http:\/\/dev.vi-b.com\/?page_id=7305"},"modified":"2014-04-13T19:21:29","modified_gmt":"2014-04-13T17:21:29","slug":"newsletter","status":"publish","type":"page","link":"https:\/\/www.vibarchitecture.com\/fr\/newsletter\/","title":{"rendered":"newsletter"},"content":{"rendered":"<p>[one_third last=\u00a0\u00bbno\u00a0\u00bb][\/one_third][two_third last=\u00a0\u00bbyes\u00a0\u00bb][\/two_third]<\/p>\n<h3 style=\"padding-left: 10px; padding-right: 10px;\"><span>Abonnez-vous \u00e0 la newsletter de vib architecture.<\/span><\/h3>\n<h4 style=\"padding-left: 10px;padding-right: 10px;\"><script>(function() {\n\twindow.mc4wp = window.mc4wp || {\n\t\tlisteners: [],\n\t\tforms: {\n\t\t\ton: function(evt, cb) {\n\t\t\t\twindow.mc4wp.listeners.push(\n\t\t\t\t\t{\n\t\t\t\t\t\tevent   : evt,\n\t\t\t\t\t\tcallback: cb\n\t\t\t\t\t}\n\t\t\t\t);\n\t\t\t}\n\t\t}\n\t}\n})();\n<\/script><!-- Mailchimp for WordPress v4.12.3 - https:\/\/wordpress.org\/plugins\/mailchimp-for-wp\/ --><form id=\"mc4wp-form-1\" class=\"mc4wp-form mc4wp-form-29729 mc4wp-form-theme mc4wp-form-theme-dark\" method=\"post\" data-id=\"29729\" data-name=\"Default sign-up form\" ><div class=\"mc4wp-form-fields\"><p>\r\n\t<label>eMail:<\/label> \r\n\t<input type=\"email\" name=\"EMAIL\" placeholder=\"Email\" required=\"required\"\/> \r\n<\/p>\r\n<p>\r\n\t<label>Nom\/Pr\u00e9nom:<\/label> \r\n\t<input type=\"text\" name=\"NAME\" placeholder=\"Last name \/ first name\"\/> \r\n<\/p>\r\n<p>\r\n\t<label>Profession:<\/label> \r\n\t<input type=\"text\" name=\"JOB\" placeholder=\"Job\"\/> \r\n<\/p>\r\n<p>\r\n\t<label>Ville:<\/label> \r\n\t<input type=\"text\" name=\"CITY\" placeholder=\"City\"\/> \r\n<\/p>\r\n\r\n<p><input type=\"submit\" value=\"S'inscrire | subscribe\"\/>\r\n<\/p>\r\n\r\n<strong>Ces informations ne seront pas publi\u00e9es.<\/strong><br \/><br \/>\r\n<div align=\"justify\"><span style=\"font-style:italic;\">Vous disposez d'un droit d'acc\u00e8s, de modification, de rectification et de suppression des donn\u00e9es vous concernant (loi \u00ab Informatique et Libert\u00e9s \u00bb du 6 janvier 1978). Pour toute demande, adressez-vous \u00e0 : vib architecture - 28 bld poissonni\u00e8re - 75009 Paris.<\/span><\/div>\r\n\r\nn\u00b04<\/div><label style=\"display: none !important;\">Laissez ce champ vide si vous \u00eates humain\u00a0: <input type=\"text\" name=\"_mc4wp_honeypot\" value=\"\" tabindex=\"-1\" autocomplete=\"off\" \/><\/label><input type=\"hidden\" name=\"_mc4wp_timestamp\" value=\"1778135715\" \/><input type=\"hidden\" name=\"_mc4wp_form_id\" value=\"29729\" \/><input type=\"hidden\" name=\"_mc4wp_form_element_id\" value=\"mc4wp-form-1\" \/><div class=\"mc4wp-response\"><\/div><\/form><!-- \/ Mailchimp for WordPress Plugin --><\/h4>\n","protected":false},"excerpt":{"rendered":"<p>[one_third last=\u00a0\u00bbno\u00a0\u00bb][\/one_third][two_third last=\u00a0\u00bbyes\u00a0\u00bb][\/two_third] Abonnez-vous \u00e0 la newsletter de vib architecture.<\/p>\n","protected":false},"author":3,"featured_media":0,"parent":0,"menu_order":7,"comment_status":"open","ping_status":"open","template":"","meta":{"footnotes":""},"class_list":["post-7305","page","type-page","status-publish","hentry"],"acf":[],"yoast_head":"<!-- This site is optimized with the Yoast SEO plugin v27.5 - https:\/\/yoast.com\/product\/yoast-seo-wordpress\/ -->\n<title>newsletter - VIB architecture<\/title>\n<meta name=\"description\" content=\"S&#039;inscrire \u00e0 la newsletter de vib architecture.\" \/>\n<meta name=\"robots\" content=\"index, follow, max-snippet:-1, max-image-preview:large, max-video-preview:-1\" \/>\n<link rel=\"canonical\" href=\"https:\/\/www.vibarchitecture.com\/fr\/newsletter\/\" \/>\n<meta property=\"og:locale\" content=\"fr_FR\" \/>\n<meta property=\"og:type\" content=\"article\" \/>\n<meta property=\"og:title\" content=\"newsletter - VIB architecture\" \/>\n<meta property=\"og:description\" content=\"S&#039;inscrire \u00e0 la newsletter de vib architecture.\" \/>\n<meta property=\"og:url\" content=\"https:\/\/www.vibarchitecture.com\/fr\/newsletter\/\" \/>\n<meta property=\"og:site_name\" content=\"VIB architecture\" \/>\n<meta property=\"article:publisher\" content=\"https:\/\/www.facebook.com\/vibarchitecture\" \/>\n<meta property=\"article:modified_time\" content=\"2014-04-13T17:21:29+00:00\" \/>\n<meta property=\"og:image\" content=\"https:\/\/i0.wp.com\/www.vibarchitecture.com\/wp-content\/uploads\/2014\/06\/vib_silos13_%C2%A9s_chalmeau_CF053792.1000-e1405082211155.jpg?fit=999%2C631&ssl=1\" \/>\n\t<meta property=\"og:image:width\" content=\"999\" \/>\n\t<meta property=\"og:image:height\" content=\"631\" \/>\n\t<meta property=\"og:image:type\" content=\"image\/jpeg\" \/>\n<meta name=\"twitter:card\" content=\"summary_large_image\" \/>\n<meta name=\"twitter:site\" content=\"@vibarchitecture\" \/>\n<script type=\"application\/ld+json\" class=\"yoast-schema-graph\">{\"@context\":\"https:\\\/\\\/schema.org\",\"@graph\":[{\"@type\":\"WebPage\",\"@id\":\"https:\\\/\\\/www.vibarchitecture.com\\\/fr\\\/newsletter\\\/\",\"url\":\"https:\\\/\\\/www.vibarchitecture.com\\\/fr\\\/newsletter\\\/\",\"name\":\"newsletter - VIB architecture\",\"isPartOf\":{\"@id\":\"https:\\\/\\\/www.vibarchitecture.com\\\/fr\\\/#website\"},\"datePublished\":\"2014-01-24T20:41:05+00:00\",\"dateModified\":\"2014-04-13T17:21:29+00:00\",\"description\":\"S'inscrire \u00e0 la newsletter de vib architecture.\",\"breadcrumb\":{\"@id\":\"https:\\\/\\\/www.vibarchitecture.com\\\/fr\\\/newsletter\\\/#breadcrumb\"},\"inLanguage\":\"fr-FR\",\"potentialAction\":[{\"@type\":\"ReadAction\",\"target\":[\"https:\\\/\\\/www.vibarchitecture.com\\\/fr\\\/newsletter\\\/\"]}]},{\"@type\":\"BreadcrumbList\",\"@id\":\"https:\\\/\\\/www.vibarchitecture.com\\\/fr\\\/newsletter\\\/#breadcrumb\",\"itemListElement\":[{\"@type\":\"ListItem\",\"position\":1,\"name\":\"Accueil\",\"item\":\"https:\\\/\\\/www.vibarchitecture.com\\\/fr\\\/\"},{\"@type\":\"ListItem\",\"position\":2,\"name\":\"newsletter\"}]},{\"@type\":\"WebSite\",\"@id\":\"https:\\\/\\\/www.vibarchitecture.com\\\/fr\\\/#website\",\"url\":\"https:\\\/\\\/www.vibarchitecture.com\\\/fr\\\/\",\"name\":\"VIB architecture\",\"description\":\"Agence d&#039;architecture contemporaine, cr\u00e9\u00e9e par Bettina Ballus et Franck Vialet bas\u00e9e \u00e0 Paris et Bordeaux. Nous imaginons et construisons des laboratoires, logements, bureaux et projets culturels dans toute la France dans une d\u00e9marche cr\u00e9ative et responsable.\",\"potentialAction\":[{\"@type\":\"SearchAction\",\"target\":{\"@type\":\"EntryPoint\",\"urlTemplate\":\"https:\\\/\\\/www.vibarchitecture.com\\\/fr\\\/?s={search_term_string}\"},\"query-input\":{\"@type\":\"PropertyValueSpecification\",\"valueRequired\":true,\"valueName\":\"search_term_string\"}}],\"inLanguage\":\"fr-FR\"}]}<\/script>\n<!-- \/ Yoast SEO plugin. -->","yoast_head_json":{"title":"newsletter - VIB architecture","description":"S'inscrire \u00e0 la newsletter de vib architecture.","robots":{"index":"index","follow":"follow","max-snippet":"max-snippet:-1","max-image-preview":"max-image-preview:large","max-video-preview":"max-video-preview:-1"},"canonical":"https:\/\/www.vibarchitecture.com\/fr\/newsletter\/","og_locale":"fr_FR","og_type":"article","og_title":"newsletter - VIB architecture","og_description":"S'inscrire \u00e0 la newsletter de vib architecture.","og_url":"https:\/\/www.vibarchitecture.com\/fr\/newsletter\/","og_site_name":"VIB architecture","article_publisher":"https:\/\/www.facebook.com\/vibarchitecture","article_modified_time":"2014-04-13T17:21:29+00:00","og_image":[{"width":999,"height":631,"url":"https:\/\/i0.wp.com\/www.vibarchitecture.com\/wp-content\/uploads\/2014\/06\/vib_silos13_%C2%A9s_chalmeau_CF053792.1000-e1405082211155.jpg?fit=999%2C631&ssl=1","type":"image\/jpeg"}],"twitter_card":"summary_large_image","twitter_site":"@vibarchitecture","schema":{"@context":"https:\/\/schema.org","@graph":[{"@type":"WebPage","@id":"https:\/\/www.vibarchitecture.com\/fr\/newsletter\/","url":"https:\/\/www.vibarchitecture.com\/fr\/newsletter\/","name":"newsletter - VIB architecture","isPartOf":{"@id":"https:\/\/www.vibarchitecture.com\/fr\/#website"},"datePublished":"2014-01-24T20:41:05+00:00","dateModified":"2014-04-13T17:21:29+00:00","description":"S'inscrire \u00e0 la newsletter de vib architecture.","breadcrumb":{"@id":"https:\/\/www.vibarchitecture.com\/fr\/newsletter\/#breadcrumb"},"inLanguage":"fr-FR","potentialAction":[{"@type":"ReadAction","target":["https:\/\/www.vibarchitecture.com\/fr\/newsletter\/"]}]},{"@type":"BreadcrumbList","@id":"https:\/\/www.vibarchitecture.com\/fr\/newsletter\/#breadcrumb","itemListElement":[{"@type":"ListItem","position":1,"name":"Accueil","item":"https:\/\/www.vibarchitecture.com\/fr\/"},{"@type":"ListItem","position":2,"name":"newsletter"}]},{"@type":"WebSite","@id":"https:\/\/www.vibarchitecture.com\/fr\/#website","url":"https:\/\/www.vibarchitecture.com\/fr\/","name":"VIB architecture","description":"Agence d&#039;architecture contemporaine, cr\u00e9\u00e9e par Bettina Ballus et Franck Vialet bas\u00e9e \u00e0 Paris et Bordeaux. Nous imaginons et construisons des laboratoires, logements, bureaux et projets culturels dans toute la France dans une d\u00e9marche cr\u00e9ative et responsable.","potentialAction":[{"@type":"SearchAction","target":{"@type":"EntryPoint","urlTemplate":"https:\/\/www.vibarchitecture.com\/fr\/?s={search_term_string}"},"query-input":{"@type":"PropertyValueSpecification","valueRequired":true,"valueName":"search_term_string"}}],"inLanguage":"fr-FR"}]}},"jetpack_shortlink":"https:\/\/wp.me\/PcD29w-1TP","jetpack_sharing_enabled":true,"_links":{"self":[{"href":"https:\/\/www.vibarchitecture.com\/fr\/wp-json\/wp\/v2\/pages\/7305","targetHints":{"allow":["GET"]}}],"collection":[{"href":"https:\/\/www.vibarchitecture.com\/fr\/wp-json\/wp\/v2\/pages"}],"about":[{"href":"https:\/\/www.vibarchitecture.com\/fr\/wp-json\/wp\/v2\/types\/page"}],"author":[{"embeddable":true,"href":"https:\/\/www.vibarchitecture.com\/fr\/wp-json\/wp\/v2\/users\/3"}],"replies":[{"embeddable":true,"href":"https:\/\/www.vibarchitecture.com\/fr\/wp-json\/wp\/v2\/comments?post=7305"}],"version-history":[{"count":0,"href":"https:\/\/www.vibarchitecture.com\/fr\/wp-json\/wp\/v2\/pages\/7305\/revisions"}],"wp:attachment":[{"href":"https:\/\/www.vibarchitecture.com\/fr\/wp-json\/wp\/v2\/media?parent=7305"}],"curies":[{"name":"wp","href":"https:\/\/api.w.org\/{rel}","templated":true}]}}